{"id":1179,"date":"2020-12-11T17:28:58","date_gmt":"2020-12-11T16:28:58","guid":{"rendered":"https:\/\/apartamentsmorparcalp.com\/?page_id=1179"},"modified":"2021-02-11T16:31:32","modified_gmt":"2021-02-11T15:31:32","slug":"avis-legal","status":"publish","type":"page","link":"https:\/\/apartamentsmorparcalp.com\/es\/avis-legal","title":{"rendered":"AVISO LEGAL"},"content":{"rendered":"[et_pb_section fb_built=\u00bb1&#8243; next_background_color=\u00bb#ffffff\u00bb admin_label=\u00bbHero\u00bb _builder_version=\u00bb3.22&#8243; use_background_color_gradient=\u00bbon\u00bb background_color_gradient_start=\u00bb#283d4b\u00bb background_color_gradient_end=\u00bbrgba(128,103,79,0.5)\u00bb background_color_gradient_direction=\u00bb70deg\u00bb background_color_gradient_overlays_image=\u00bbon\u00bb background_image=\u00bbhttps:\/\/apartamentsmorparcalp.com\/wp-content\/uploads\/2020\/12\/Header-1.jpg\u00bb custom_margin=\u00bb||3%|\u00bb custom_padding=\u00bb6vw|||\u00bb bottom_divider_style=\u00bbmountains2&#8243; bottom_divider_height=\u00bb20vw\u00bb bottom_divider_repeat=\u00bb0.5x\u00bb bottom_divider_flip=\u00bbhorizontal|vertical\u00bb][et_pb_row _builder_version=\u00bb4.7.4&#8243; custom_margin=\u00bb|||\u00bb custom_padding=\u00bb27px|0px|0|0px|false|false\u00bb][et_pb_column type=\u00bb4_4&#8243; _builder_version=\u00bb4.7.4&#8243; custom_padding=\u00bb0px||35px||false|false\u00bb custom_padding__hover=\u00bb|||\u00bb][et_pb_text _builder_version=\u00bb4.7.4&#8243; text_font=\u00bbComfortaa||||||||\u00bb text_font_size=\u00bb9px\u00bb header_font=\u00bbComfortaa|700|||||||\u00bb header_font_size=\u00bb72px\u00bb header_line_height=\u00bb1.9em\u00bb header_2_font=\u00bbJosefin Sans||||||||\u00bb header_2_text_color=\u00bbrgba(255,255,255,0.6)\u00bb header_2_font_size=\u00bb32px\u00bb header_2_line_height=\u00bb1.4em\u00bb background_layout=\u00bbdark\u00bb animation_style=\u00bbslide\u00bb animation_direction=\u00bbright\u00bb animation_intensity_slide=\u00bb4%\u00bb header_font_size_tablet=\u00bb50px\u00bb header_font_size_phone=\u00bb32px\u00bb header_font_size_last_edited=\u00bbon|desktop\u00bb header_2_font_size_tablet=\u00bb\u00bb header_2_font_size_phone=\u00bb24px\u00bb header_2_font_size_last_edited=\u00bbon|phone\u00bb]<h1 style=\"text-align: center;\">Aviso legal<\/h1>\n<h2><\/h2>[\/et_pb_text][\/et_pb_column][\/et_pb_row][\/et_pb_section][et_pb_section fb_built=\u00bb1&#8243; _builder_version=\u00bb3.22&#8243; hover_enabled=\u00bb0&#8243; sticky_enabled=\u00bb0&#8243;][et_pb_row _builder_version=\u00bb3.25&#8243; background_size=\u00bbinitial\u00bb background_position=\u00bbtop_left\u00bb background_repeat=\u00bbrepeat\u00bb][et_pb_column type=\u00bb4_4&#8243; _builder_version=\u00bb3.25&#8243; custom_padding=\u00bb|||\u00bb hover_enabled=\u00bb0&#8243; custom_padding__hover=\u00bb|||\u00bb sticky_enabled=\u00bb0&#8243;][et_pb_text _builder_version=\u00bb3.27.4&#8243; background_size=\u00bbinitial\u00bb background_position=\u00bbtop_left\u00bb background_repeat=\u00bbrepeat\u00bb hover_enabled=\u00bb0&#8243; sticky_enabled=\u00bb0&#8243;]\n<p style=\"text-align: justify;\">El titular de este portal es el Morpar Calp SL, con NIF B53531612, domicilio en avenida de P\u00e9rez Gald\u00f3s, 13, planta 7, puerta 20, 46007 Valencia, tel\u00e9fono 669 81 59 71.&nbsp;<\/p>\n<p style=\"text-align: justify;\"><strong>Propiedad intelectual e industrial&nbsp;<\/strong><\/p>\n<p style=\"text-align: justify;\">El dise\u00f1o del portal y los c\u00f3digos fuente, adem\u00e1s de los logotipos, marcas y otros signos distintivos que aparecen pertenecen a Morpar Calp SL y est\u00e1n protegidos por los correspondientes derechos de propiedad intelectual e industrial.<\/p>\n<p style=\"text-align: justify;\"><strong>Responsabilidad de los contenidos&nbsp;<\/strong><\/p>\n<p style=\"text-align: justify;\">Morpar Calp SL no se hace responsable de la legalidad otros sitios web de terceros desde los cuales se pueda acceder en el portal. Morpar Calp SL tampoco responde por la legalidad otros sitios web de terceros que puedan estar vinculados o enlazados desde este portal.<\/p>\n<p style=\"text-align: justify;\">Morpar Calp SL se reserva el derecho de hacer cambios en el sitio web sin aviso previo con objeto de mantener actualizada la informaci\u00f3n, a\u00f1adiendo, modificando, corrigiendo o eliminando los contenidos publicados o el dise\u00f1o del portal.<\/p>\n<p style=\"text-align: justify;\">Morpar Calp SL no es responsable del uso que terceros hagan de la informaci\u00f3n publicada en el portal, ni tampoco de los da\u00f1os sufridos o p\u00e9rdidas econ\u00f3micas que, de forma directa o indirecta, produzcan o puedan producir perjuicios econ\u00f3micos, materiales o sobre datos, provocados por el uso de esa informaci\u00f3n.<\/p>\n<p style=\"text-align: justify;\"><strong>Reproducci\u00f3n de contenidos&nbsp;<\/strong><\/p>\n<p style=\"text-align: justify;\">Se proh\u00edbe la reproducci\u00f3n total o parcial de los contenidos publicados en el portal. Aun as\u00ed, los contenidos que se consideran datos abiertos en la sede electr\u00f3nica, publicados seg\u00fan el Real decreto 1495\/2011, de 24 de octubre, de despliegue de la Ley 37\/2007, sobre reutilizaci\u00f3n de la informaci\u00f3n del sector, para el \u00e1mbito estatal, se pueden reproducir en los t\u00e9rminos advertidos en la sede misma.<\/p>\n<p style=\"text-align: justify;\"><strong>Ley aplicable<\/strong><\/p>\n<p style=\"text-align: justify;\">La ley aplicable en caso de disputa o conflicto de interpretaci\u00f3n de los t\u00e9rminos que forman este aviso legal, as\u00ed como cualquier cuesti\u00f3n relacionada con los servicios del portal, es la ley espa\u00f1ola.<\/p>\n[\/et_pb_text][\/et_pb_column][\/et_pb_row][\/et_pb_section]","protected":false},"excerpt":{"rendered":"<p>Aviso legal El titular de este portal es el Morpar Calp SL, con NIF B53531612, domicilio en avenida de P\u00e9rez Gald\u00f3s, 13, planta 7, puerta 20, 46007 Valencia, tel\u00e9fono 669 81 59 71.&nbsp; Propiedad intelectual e industrial&nbsp; El dise\u00f1o del portal y los c\u00f3digos fuente, adem\u00e1s de los logotipos, marcas y otros signos distintivos que [&hellip;]<\/p>\n","protected":false},"author":1,"featured_media":0,"parent":0,"menu_order":0,"comment_status":"closed","ping_status":"closed","template":"","meta":{"_et_pb_use_builder":"on","_et_pb_old_content":"<p style=\"text-align: justify;\">El titular de este portal es el Morpar Calp SL, con NIF B53531612, domicilio en avenida de P\u00e9rez Gald\u00f3s, 13, planta 7, puerta 20, 46007 Valencia, tel\u00e9fono 669 81 59 71.&nbsp;<\/p>\n<p style=\"text-align: justify;\"><strong>Propiedad intelectual e industrial&nbsp;<\/strong><\/p>\n<p style=\"text-align: justify;\">El dise\u00f1o del portal y los c\u00f3digos fuente, adem\u00e1s de los logotipos, marcas y otros signos distintivos que aparecen pertenecen a Morpar Calp SL y est\u00e1n protegidos por los correspondientes derechos de propiedad intelectual e industrial.<\/p>\n<p style=\"text-align: justify;\"><strong>Responsabilidad de los contenidos&nbsp;<\/strong><\/p>\n<p style=\"text-align: justify;\">Morpar Calp SL no se hace responsable de la legalidad otros sitios web de terceros desde los cuales se pueda acceder en el portal. Morpar Calp SL tampoco responde por la legalidad otros sitios web de terceros que puedan estar vinculados o enlazados desde este portal.<\/p>\n<p style=\"text-align: justify;\">Morpar Calp SL se reserva el derecho de hacer cambios en el sitio web sin aviso previo con objeto de mantener actualizada la informaci\u00f3n, a\u00f1adiendo, modificando, corrigiendo o eliminando los contenidos publicados o el dise\u00f1o del portal.<\/p>\n<p style=\"text-align: justify;\">Morpar Calp SL no es responsable del uso que terceros hagan de la informaci\u00f3n publicada en el portal, ni tampoco de los da\u00f1os sufridos o p\u00e9rdidas econ\u00f3micas que, de forma directa o indirecta, produzcan o puedan producir perjuicios econ\u00f3micos, materiales o sobre datos, provocados por el uso de esa informaci\u00f3n.<\/p>\n<p style=\"text-align: justify;\"><strong>Reproducci\u00f3n de contenidos&nbsp;<\/strong><\/p>\n<p style=\"text-align: justify;\">Se proh\u00edbe la reproducci\u00f3n total o parcial de los contenidos publicados en el portal. Aun as\u00ed, los contenidos que se consideran datos abiertos en la sede electr\u00f3nica, publicados seg\u00fan el Real decreto 1495\/2011, de 24 de octubre, de despliegue de la Ley 37\/2007, sobre reutilizaci\u00f3n de la informaci\u00f3n del sector, para el \u00e1mbito estatal, se pueden reproducir en los t\u00e9rminos advertidos en la sede misma.<\/p>\n<p style=\"text-align: justify;\"><strong>Ley aplicable<\/strong><\/p>\n<p style=\"text-align: justify;\">La ley aplicable en caso de disputa o conflicto de interpretaci\u00f3n de los t\u00e9rminos que forman este aviso legal, as\u00ed como cualquier cuesti\u00f3n relacionada con los servicios del portal, es la ley espa\u00f1ola.<\/p>","_et_gb_content_width":""},"yoast_head":"<!-- This site is optimized with the Yoast SEO plugin v17.5 - https:\/\/yoast.com\/wordpress\/plugins\/seo\/ -->\n<title>AVISO LEGAL - Apartamentos Ambar Beach - Morpar Calp.<\/title>\n<meta name=\"robots\" content=\"noindex, nofollow\" \/>\n<meta property=\"og:locale\" content=\"es_ES\" \/>\n<meta property=\"og:type\" content=\"article\" \/>\n<meta property=\"og:title\" content=\"AVISO LEGAL - Apartamentos Ambar Beach - Morpar Calp.\" \/>\n<meta property=\"og:description\" content=\"Aviso legal El titular de este portal es el Morpar Calp SL, con NIF B53531612, domicilio en avenida de P\u00e9rez Gald\u00f3s, 13, planta 7, puerta 20, 46007 Valencia, tel\u00e9fono 669 81 59 71.&nbsp; Propiedad intelectual e industrial&nbsp; El dise\u00f1o del portal y los c\u00f3digos fuente, adem\u00e1s de los logotipos, marcas y otros signos distintivos que [&hellip;]\" \/>\n<meta property=\"og:url\" content=\"https:\/\/apartamentsmorparcalp.com\/es\/avis-legal\" \/>\n<meta property=\"og:site_name\" content=\"Apartamentos Ambar Beach - Morpar Calp.\" \/>\n<meta property=\"article:publisher\" content=\"https:\/\/www.facebook.com\/ambarbeachmorparcalp\" \/>\n<meta property=\"article:modified_time\" content=\"2021-02-11T15:31:32+00:00\" \/>\n<meta name=\"twitter:card\" content=\"summary_large_image\" \/>\n<meta name=\"twitter:label1\" content=\"Tiempo de lectura\" \/>\n\t<meta name=\"twitter:data1\" content=\"3 minutos\" \/>\n<script type=\"application\/ld+json\" class=\"yoast-schema-graph\">{\"@context\":\"https:\/\/schema.org\",\"@graph\":[{\"@type\":\"Organization\",\"@id\":\"https:\/\/apartamentsmorparcalp.com\/#organization\",\"name\":\"Apartaments Ambar Beach Morpar Calp S.L.\",\"url\":\"https:\/\/apartamentsmorparcalp.com\/\",\"sameAs\":[\"https:\/\/www.facebook.com\/ambarbeachmorparcalp\"],\"logo\":{\"@type\":\"ImageObject\",\"@id\":\"https:\/\/apartamentsmorparcalp.com\/#logo\",\"inLanguage\":\"es\",\"url\":\"https:\/\/apartamentsmorparcalp.com\/wp-content\/uploads\/2020\/12\/cropped-favicon.png\",\"contentUrl\":\"https:\/\/apartamentsmorparcalp.com\/wp-content\/uploads\/2020\/12\/cropped-favicon.png\",\"width\":512,\"height\":512,\"caption\":\"Apartaments Ambar Beach Morpar Calp S.L.\"},\"image\":{\"@id\":\"https:\/\/apartamentsmorparcalp.com\/#logo\"}},{\"@type\":\"WebSite\",\"@id\":\"https:\/\/apartamentsmorparcalp.com\/#website\",\"url\":\"https:\/\/apartamentsmorparcalp.com\/\",\"name\":\"Apartamentos Ambar Beach - Morpar Calp.\",\"description\":\"Apartamentos tur\\u00edsticos en Calpe.\",\"publisher\":{\"@id\":\"https:\/\/apartamentsmorparcalp.com\/#organization\"},\"potentialAction\":[{\"@type\":\"SearchAction\",\"target\":{\"@type\":\"EntryPoint\",\"urlTemplate\":\"https:\/\/apartamentsmorparcalp.com\/?s={search_term_string}\"},\"query-input\":\"required name=search_term_string\"}],\"inLanguage\":\"es\"},{\"@type\":\"WebPage\",\"@id\":\"https:\/\/apartamentsmorparcalp.com\/es\/avis-legal#webpage\",\"url\":\"https:\/\/apartamentsmorparcalp.com\/es\/avis-legal\",\"name\":\"AVISO LEGAL - Apartamentos Ambar Beach - Morpar Calp.\",\"isPartOf\":{\"@id\":\"https:\/\/apartamentsmorparcalp.com\/#website\"},\"datePublished\":\"2020-12-11T16:28:58+00:00\",\"dateModified\":\"2021-02-11T15:31:32+00:00\",\"breadcrumb\":{\"@id\":\"https:\/\/apartamentsmorparcalp.com\/es\/avis-legal#breadcrumb\"},\"inLanguage\":\"es\",\"potentialAction\":[{\"@type\":\"ReadAction\",\"target\":[\"https:\/\/apartamentsmorparcalp.com\/es\/avis-legal\"]}]},{\"@type\":\"BreadcrumbList\",\"@id\":\"https:\/\/apartamentsmorparcalp.com\/es\/avis-legal#breadcrumb\",\"itemListElement\":[{\"@type\":\"ListItem\",\"position\":1,\"name\":\"Home\",\"item\":\"https:\/\/apartamentsmorparcalp.com\/\"},{\"@type\":\"ListItem\",\"position\":2,\"name\":\"AV\\u00cdS LEGAL\"}]}]}<\/script>\n<!-- \/ Yoast SEO plugin. -->","yoast_head_json":{"title":"AVISO LEGAL - Apartamentos Ambar Beach - Morpar Calp.","robots":{"index":"noindex","follow":"nofollow"},"og_locale":"es_ES","og_type":"article","og_title":"AVISO LEGAL - Apartamentos Ambar Beach - Morpar Calp.","og_description":"Aviso legal El titular de este portal es el Morpar Calp SL, con NIF B53531612, domicilio en avenida de P\u00e9rez Gald\u00f3s, 13, planta 7, puerta 20, 46007 Valencia, tel\u00e9fono 669 81 59 71.&nbsp; Propiedad intelectual e industrial&nbsp; El dise\u00f1o del portal y los c\u00f3digos fuente, adem\u00e1s de los logotipos, marcas y otros signos distintivos que [&hellip;]","og_url":"https:\/\/apartamentsmorparcalp.com\/es\/avis-legal","og_site_name":"Apartamentos Ambar Beach - Morpar Calp.","article_publisher":"https:\/\/www.facebook.com\/ambarbeachmorparcalp","article_modified_time":"2021-02-11T15:31:32+00:00","twitter_card":"summary_large_image","twitter_misc":{"Tiempo de lectura":"3 minutos"},"schema":{"@context":"https:\/\/schema.org","@graph":[{"@type":"Organization","@id":"https:\/\/apartamentsmorparcalp.com\/#organization","name":"Apartaments Ambar Beach Morpar Calp S.L.","url":"https:\/\/apartamentsmorparcalp.com\/","sameAs":["https:\/\/www.facebook.com\/ambarbeachmorparcalp"],"logo":{"@type":"ImageObject","@id":"https:\/\/apartamentsmorparcalp.com\/#logo","inLanguage":"es","url":"https:\/\/apartamentsmorparcalp.com\/wp-content\/uploads\/2020\/12\/cropped-favicon.png","contentUrl":"https:\/\/apartamentsmorparcalp.com\/wp-content\/uploads\/2020\/12\/cropped-favicon.png","width":512,"height":512,"caption":"Apartaments Ambar Beach Morpar Calp S.L."},"image":{"@id":"https:\/\/apartamentsmorparcalp.com\/#logo"}},{"@type":"WebSite","@id":"https:\/\/apartamentsmorparcalp.com\/#website","url":"https:\/\/apartamentsmorparcalp.com\/","name":"Apartamentos Ambar Beach - Morpar Calp.","description":"Apartamentos tur\u00edsticos en Calpe.","publisher":{"@id":"https:\/\/apartamentsmorparcalp.com\/#organization"},"potentialAction":[{"@type":"SearchAction","target":{"@type":"EntryPoint","urlTemplate":"https:\/\/apartamentsmorparcalp.com\/?s={search_term_string}"},"query-input":"required name=search_term_string"}],"inLanguage":"es"},{"@type":"WebPage","@id":"https:\/\/apartamentsmorparcalp.com\/es\/avis-legal#webpage","url":"https:\/\/apartamentsmorparcalp.com\/es\/avis-legal","name":"AVISO LEGAL - Apartamentos Ambar Beach - Morpar Calp.","isPartOf":{"@id":"https:\/\/apartamentsmorparcalp.com\/#website"},"datePublished":"2020-12-11T16:28:58+00:00","dateModified":"2021-02-11T15:31:32+00:00","breadcrumb":{"@id":"https:\/\/apartamentsmorparcalp.com\/es\/avis-legal#breadcrumb"},"inLanguage":"es","potentialAction":[{"@type":"ReadAction","target":["https:\/\/apartamentsmorparcalp.com\/es\/avis-legal"]}]},{"@type":"BreadcrumbList","@id":"https:\/\/apartamentsmorparcalp.com\/es\/avis-legal#breadcrumb","itemListElement":[{"@type":"ListItem","position":1,"name":"Home","item":"https:\/\/apartamentsmorparcalp.com\/"},{"@type":"ListItem","position":2,"name":"AV\u00cdS LEGAL"}]}]}},"_links":{"self":[{"href":"https:\/\/apartamentsmorparcalp.com\/es\/wp-json\/wp\/v2\/pages\/1179"}],"collection":[{"href":"https:\/\/apartamentsmorparcalp.com\/es\/wp-json\/wp\/v2\/pages"}],"about":[{"href":"https:\/\/apartamentsmorparcalp.com\/es\/wp-json\/wp\/v2\/types\/page"}],"author":[{"embeddable":true,"href":"https:\/\/apartamentsmorparcalp.com\/es\/wp-json\/wp\/v2\/users\/1"}],"replies":[{"embeddable":true,"href":"https:\/\/apartamentsmorparcalp.com\/es\/wp-json\/wp\/v2\/comments?post=1179"}],"version-history":[{"count":6,"href":"https:\/\/apartamentsmorparcalp.com\/es\/wp-json\/wp\/v2\/pages\/1179\/revisions"}],"predecessor-version":[{"id":1666,"href":"https:\/\/apartamentsmorparcalp.com\/es\/wp-json\/wp\/v2\/pages\/1179\/revisions\/1666"}],"wp:attachment":[{"href":"https:\/\/apartamentsmorparcalp.com\/es\/wp-json\/wp\/v2\/media?parent=1179"}],"curies":[{"name":"wp","href":"https:\/\/api.w.org\/{rel}","templated":true}]}}