{"id":1251,"date":"2020-12-18T16:26:28","date_gmt":"2020-12-18T15:26:28","guid":{"rendered":"https:\/\/apartamentsmorparcalp.com\/?page_id=1251"},"modified":"2021-02-11T16:34:47","modified_gmt":"2021-02-11T15:34:47","slug":"politica-de-galetes","status":"publish","type":"page","link":"https:\/\/apartamentsmorparcalp.com\/es\/politica-de-galetes","title":{"rendered":"Pol\u00edtica de cookies"},"content":{"rendered":"[et_pb_section fb_built=\u00bb1&#8243; next_background_color=\u00bb#ffffff\u00bb admin_label=\u00bbHero\u00bb _builder_version=\u00bb3.22&#8243; use_background_color_gradient=\u00bbon\u00bb background_color_gradient_start=\u00bb#283d4b\u00bb background_color_gradient_end=\u00bbrgba(128,103,79,0.5)\u00bb background_color_gradient_direction=\u00bb70deg\u00bb background_color_gradient_overlays_image=\u00bbon\u00bb background_image=\u00bbhttps:\/\/apartamentsmorparcalp.com\/wp-content\/uploads\/2020\/12\/Header-1.jpg\u00bb custom_margin=\u00bb||3%|\u00bb custom_padding=\u00bb6vw|||\u00bb bottom_divider_style=\u00bbmountains2&#8243; bottom_divider_height=\u00bb20vw\u00bb bottom_divider_repeat=\u00bb0.5x\u00bb bottom_divider_flip=\u00bbhorizontal|vertical\u00bb][et_pb_row _builder_version=\u00bb4.7.4&#8243; custom_margin=\u00bb|||\u00bb custom_padding=\u00bb27px|0px|0|0px|false|false\u00bb][et_pb_column type=\u00bb4_4&#8243; _builder_version=\u00bb4.7.4&#8243; custom_padding=\u00bb0px||35px||false|false\u00bb custom_padding__hover=\u00bb|||\u00bb][et_pb_text _builder_version=\u00bb4.7.4&#8243; text_font=\u00bbComfortaa||||||||\u00bb text_font_size=\u00bb9px\u00bb header_font=\u00bbComfortaa|700|||||||\u00bb header_font_size=\u00bb72px\u00bb header_line_height=\u00bb1.9em\u00bb header_2_font=\u00bbJosefin Sans||||||||\u00bb header_2_text_color=\u00bbrgba(255,255,255,0.6)\u00bb header_2_font_size=\u00bb32px\u00bb header_2_line_height=\u00bb1.4em\u00bb background_layout=\u00bbdark\u00bb animation_style=\u00bbslide\u00bb animation_direction=\u00bbright\u00bb animation_intensity_slide=\u00bb4%\u00bb header_font_size_tablet=\u00bb50px\u00bb header_font_size_phone=\u00bb32px\u00bb header_font_size_last_edited=\u00bbon|desktop\u00bb header_2_font_size_tablet=\u00bb\u00bb header_2_font_size_phone=\u00bb24px\u00bb header_2_font_size_last_edited=\u00bbon|phone\u00bb]<h1 style=\"text-align: center;\">Pol\u00edtica de cookies<\/h1>\n<h2><\/h2>[\/et_pb_text][\/et_pb_column][\/et_pb_row][\/et_pb_section][et_pb_section fb_built=\u00bb1&#8243; _builder_version=\u00bb3.22&#8243;][et_pb_row _builder_version=\u00bb3.25&#8243; background_size=\u00bbinitial\u00bb background_position=\u00bbtop_left\u00bb background_repeat=\u00bbrepeat\u00bb][et_pb_column type=\u00bb4_4&#8243; _builder_version=\u00bb3.25&#8243; custom_padding=\u00bb|||\u00bb custom_padding__hover=\u00bb|||\u00bb][et_pb_text _builder_version=\u00bb4.7.4&#8243; background_size=\u00bbinitial\u00bb background_position=\u00bbtop_left\u00bb background_repeat=\u00bbrepeat\u00bb hover_enabled=\u00bb0&#8243; sticky_enabled=\u00bb0&#8243;]<p style=\"text-align: justify;\"><\/p>\n<h1 style=\"text-align: justify;\">Pol\u00edtica de cookies<\/h1>\n<p style=\"text-align: justify;\">Una <em>cookie<\/em> es un peque\u00f1o fichero de texto que se almacena en su navegador cuando visita casi cualquier p\u00e1gina web. Su utilidad es que la web sea capaz de recordar su visita cuando vuelva a navegar por esa p\u00e1gina. Las <em>cookies<\/em> suelen almacenar informaci\u00f3n de car\u00e1cter t\u00e9cnico, preferencias personales, personalizaci\u00f3n de contenidos, estad\u00edsticas de uso, enlaces a redes sociales, acceso a cuentas de usuario, etc. El objetivo de la <em>cookie<\/em> es adaptar el contenido de la web a su perfil y necesidades, sin <em>cookies<\/em> los servicios ofrecidos por cualquier p\u00e1gina se ver\u00edan mermados notablemente. Si desea consultar m\u00e1s informaci\u00f3n sobre qu\u00e9 son las <em>cookies<\/em>, qu\u00e9 almacenan, c\u00f3mo eliminarlas, desactivarlas, etc., le rogamos se dirija a este enlace. <em><a href=\"https:\/\/apartamentsmorparcalp.com\/1255-2\" target=\"_blank\" rel=\"noopener noreferrer\">M\u00e1s informaci\u00f3n sobre las cookies y gu\u00eda r\u00e1pida para los navegadores m\u00e1s populares.<\/a><\/em><\/p>\n<h2 style=\"text-align: justify;\">Cookies utilizadas en este sitio web<\/h2>\n<p style=\"text-align: justify;\">Siguiendo las directrices de la Agencia Espa\u00f1ola de Protecci\u00f3n de Datos procedemos a detallar el uso de <em>cookies<\/em> que hace esta web con el fin de informarle con la m\u00e1xima exactitud posible.<\/p>\n<p style=\"text-align: justify;\">Este sitio web utiliza las siguientes <strong>cookies propias<\/strong>:<\/p>\n<ul style=\"text-align: justify;\">\n<li>Cookies de sesi\u00f3n, para garantizar que los usuarios que escriban comentarios en el blog sean humanos y no aplicaciones automatizadas. De esta forma se combate el <em>spam<\/em>.<\/li>\n<\/ul>\n<p style=\"text-align: justify;\">Este sitio web utiliza las siguientes <strong>cookies de terceros<\/strong>:<\/p>\n<ul style=\"text-align: justify;\">\n<li>Redes sociales: Cada red social utiliza sus propias <em>cookies<\/em> para que usted pueda pinchar en botones del tipo <em>Me gusta<\/em> o <em>Compartir<\/em>.<\/li>\n<\/ul>\n<h2 style=\"text-align: justify;\">Desactivaci\u00f3n o eliminaci\u00f3n de cookies<\/h2>\n<p style=\"text-align: justify;\">En cualquier momento podr\u00e1 ejercer su derecho de desactivaci\u00f3n o eliminaci\u00f3n de cookies de este sitio web. Estas acciones se realizan de forma diferente en funci\u00f3n del navegador que est\u00e9 usando.<\/p>\n<h2 style=\"text-align: justify;\">Notas adicionales<\/h2>\n<ul style=\"text-align: justify;\">\n<li>Ni esta web ni sus representantes legales se hacen responsables ni del contenido ni de la veracidad de las pol\u00edticas de privacidad que puedan tener los terceros mencionados en esta pol\u00edtica de <em>cookies<\/em>.<\/li>\n<li>Los navegadores web son las herramientas encargadas de almacenar las <em>cookies<\/em> y desde este lugar debe efectuar su derecho a eliminaci\u00f3n o desactivaci\u00f3n de las mismas. Ni esta web ni sus representantes legales pueden garantizar la correcta o incorrecta manipulaci\u00f3n de las <em>cookies<\/em> por parte de los mencionados navegadores.<\/li>\n<li>En algunos casos es necesario instalar <em>cookies<\/em> para que el navegador no olvide su decisi\u00f3n de no aceptaci\u00f3n de las mismas.<\/li>\n<li>Para cualquier duda o consulta acerca de esta pol\u00edtica de <em>cookies<\/em> no dude en comunicarse con nosotros a trav\u00e9s de: Morpar Calp SL, avenida de P\u00e9rez Gals\u00f3s, 13, planta 7, puerta 20, 46007 Valencia \u00b7 TLF. 669 81 59 71.<\/li>\n<\/ul>\n<p style=\"text-align: justify;\"><\/p>\n[\/et_pb_text][\/et_pb_column][\/et_pb_row][\/et_pb_section]","protected":false},"excerpt":{"rendered":"<p>Pol\u00edtica de cookies Pol\u00edtica de cookies Una cookie es un peque\u00f1o fichero de texto que se almacena en su navegador cuando visita casi cualquier p\u00e1gina web. Su utilidad es que la web sea capaz de recordar su visita cuando vuelva a navegar por esa p\u00e1gina. Las cookies suelen almacenar informaci\u00f3n de car\u00e1cter t\u00e9cnico, preferencias personales, [&hellip;]<\/p>\n","protected":false},"author":1,"featured_media":0,"parent":0,"menu_order":0,"comment_status":"closed","ping_status":"closed","template":"","meta":{"_et_pb_use_builder":"on","_et_pb_old_content":"","_et_gb_content_width":""},"yoast_head":"<!-- This site is optimized with the Yoast SEO plugin v17.5 - https:\/\/yoast.com\/wordpress\/plugins\/seo\/ -->\n<title>Pol\u00edtica de cookies - Apartamentos Ambar Beach - Morpar Calp.<\/title>\n<meta name=\"robots\" content=\"noindex, nofollow\" \/>\n<meta property=\"og:locale\" content=\"es_ES\" \/>\n<meta property=\"og:type\" content=\"article\" \/>\n<meta property=\"og:title\" content=\"Pol\u00edtica de cookies - Apartamentos Ambar Beach - Morpar Calp.\" \/>\n<meta property=\"og:description\" content=\"Pol\u00edtica de cookies Pol\u00edtica de cookies Una cookie es un peque\u00f1o fichero de texto que se almacena en su navegador cuando visita casi cualquier p\u00e1gina web. Su utilidad es que la web sea capaz de recordar su visita cuando vuelva a navegar por esa p\u00e1gina. Las cookies suelen almacenar informaci\u00f3n de car\u00e1cter t\u00e9cnico, preferencias personales, [&hellip;]\" \/>\n<meta property=\"og:url\" content=\"https:\/\/apartamentsmorparcalp.com\/politica-de-galetes\" \/>\n<meta property=\"og:site_name\" content=\"Apartamentos Ambar Beach - Morpar Calp.\" \/>\n<meta property=\"article:publisher\" content=\"https:\/\/www.facebook.com\/ambarbeachmorparcalp\" \/>\n<meta property=\"article:modified_time\" content=\"2021-02-11T15:34:47+00:00\" \/>\n<meta name=\"twitter:card\" content=\"summary_large_image\" \/>\n<meta name=\"twitter:label1\" content=\"Tiempo de lectura\" \/>\n\t<meta name=\"twitter:data1\" content=\"4 minutos\" \/>\n<script type=\"application\/ld+json\" class=\"yoast-schema-graph\">{\"@context\":\"https:\/\/schema.org\",\"@graph\":[{\"@type\":\"Organization\",\"@id\":\"https:\/\/apartamentsmorparcalp.com\/#organization\",\"name\":\"Apartaments Ambar Beach Morpar Calp S.L.\",\"url\":\"https:\/\/apartamentsmorparcalp.com\/\",\"sameAs\":[\"https:\/\/www.facebook.com\/ambarbeachmorparcalp\"],\"logo\":{\"@type\":\"ImageObject\",\"@id\":\"https:\/\/apartamentsmorparcalp.com\/#logo\",\"inLanguage\":\"es\",\"url\":\"https:\/\/apartamentsmorparcalp.com\/wp-content\/uploads\/2020\/12\/cropped-favicon.png\",\"contentUrl\":\"https:\/\/apartamentsmorparcalp.com\/wp-content\/uploads\/2020\/12\/cropped-favicon.png\",\"width\":512,\"height\":512,\"caption\":\"Apartaments Ambar Beach Morpar Calp S.L.\"},\"image\":{\"@id\":\"https:\/\/apartamentsmorparcalp.com\/#logo\"}},{\"@type\":\"WebSite\",\"@id\":\"https:\/\/apartamentsmorparcalp.com\/#website\",\"url\":\"https:\/\/apartamentsmorparcalp.com\/\",\"name\":\"Apartamentos Ambar Beach - Morpar Calp.\",\"description\":\"Apartamentos tur\\u00edsticos en Calpe.\",\"publisher\":{\"@id\":\"https:\/\/apartamentsmorparcalp.com\/#organization\"},\"potentialAction\":[{\"@type\":\"SearchAction\",\"target\":{\"@type\":\"EntryPoint\",\"urlTemplate\":\"https:\/\/apartamentsmorparcalp.com\/?s={search_term_string}\"},\"query-input\":\"required name=search_term_string\"}],\"inLanguage\":\"es\"},{\"@type\":\"WebPage\",\"@id\":\"https:\/\/apartamentsmorparcalp.com\/politica-de-galetes#webpage\",\"url\":\"https:\/\/apartamentsmorparcalp.com\/politica-de-galetes\",\"name\":\"Pol\\u00edtica de cookies - Apartamentos Ambar Beach - Morpar Calp.\",\"isPartOf\":{\"@id\":\"https:\/\/apartamentsmorparcalp.com\/#website\"},\"datePublished\":\"2020-12-18T15:26:28+00:00\",\"dateModified\":\"2021-02-11T15:34:47+00:00\",\"breadcrumb\":{\"@id\":\"https:\/\/apartamentsmorparcalp.com\/politica-de-galetes#breadcrumb\"},\"inLanguage\":\"es\",\"potentialAction\":[{\"@type\":\"ReadAction\",\"target\":[\"https:\/\/apartamentsmorparcalp.com\/politica-de-galetes\"]}]},{\"@type\":\"BreadcrumbList\",\"@id\":\"https:\/\/apartamentsmorparcalp.com\/politica-de-galetes#breadcrumb\",\"itemListElement\":[{\"@type\":\"ListItem\",\"position\":1,\"name\":\"Home\",\"item\":\"https:\/\/apartamentsmorparcalp.com\/\"},{\"@type\":\"ListItem\",\"position\":2,\"name\":\"Pol\\u00edtica de galetes\"}]}]}<\/script>\n<!-- \/ Yoast SEO plugin. -->","yoast_head_json":{"title":"Pol\u00edtica de cookies - Apartamentos Ambar Beach - Morpar Calp.","robots":{"index":"noindex","follow":"nofollow"},"og_locale":"es_ES","og_type":"article","og_title":"Pol\u00edtica de cookies - Apartamentos Ambar Beach - Morpar Calp.","og_description":"Pol\u00edtica de cookies Pol\u00edtica de cookies Una cookie es un peque\u00f1o fichero de texto que se almacena en su navegador cuando visita casi cualquier p\u00e1gina web. Su utilidad es que la web sea capaz de recordar su visita cuando vuelva a navegar por esa p\u00e1gina. Las cookies suelen almacenar informaci\u00f3n de car\u00e1cter t\u00e9cnico, preferencias personales, [&hellip;]","og_url":"https:\/\/apartamentsmorparcalp.com\/politica-de-galetes","og_site_name":"Apartamentos Ambar Beach - Morpar Calp.","article_publisher":"https:\/\/www.facebook.com\/ambarbeachmorparcalp","article_modified_time":"2021-02-11T15:34:47+00:00","twitter_card":"summary_large_image","twitter_misc":{"Tiempo de lectura":"4 minutos"},"schema":{"@context":"https:\/\/schema.org","@graph":[{"@type":"Organization","@id":"https:\/\/apartamentsmorparcalp.com\/#organization","name":"Apartaments Ambar Beach Morpar Calp S.L.","url":"https:\/\/apartamentsmorparcalp.com\/","sameAs":["https:\/\/www.facebook.com\/ambarbeachmorparcalp"],"logo":{"@type":"ImageObject","@id":"https:\/\/apartamentsmorparcalp.com\/#logo","inLanguage":"es","url":"https:\/\/apartamentsmorparcalp.com\/wp-content\/uploads\/2020\/12\/cropped-favicon.png","contentUrl":"https:\/\/apartamentsmorparcalp.com\/wp-content\/uploads\/2020\/12\/cropped-favicon.png","width":512,"height":512,"caption":"Apartaments Ambar Beach Morpar Calp S.L."},"image":{"@id":"https:\/\/apartamentsmorparcalp.com\/#logo"}},{"@type":"WebSite","@id":"https:\/\/apartamentsmorparcalp.com\/#website","url":"https:\/\/apartamentsmorparcalp.com\/","name":"Apartamentos Ambar Beach - Morpar Calp.","description":"Apartamentos tur\u00edsticos en Calpe.","publisher":{"@id":"https:\/\/apartamentsmorparcalp.com\/#organization"},"potentialAction":[{"@type":"SearchAction","target":{"@type":"EntryPoint","urlTemplate":"https:\/\/apartamentsmorparcalp.com\/?s={search_term_string}"},"query-input":"required name=search_term_string"}],"inLanguage":"es"},{"@type":"WebPage","@id":"https:\/\/apartamentsmorparcalp.com\/politica-de-galetes#webpage","url":"https:\/\/apartamentsmorparcalp.com\/politica-de-galetes","name":"Pol\u00edtica de cookies - Apartamentos Ambar Beach - Morpar Calp.","isPartOf":{"@id":"https:\/\/apartamentsmorparcalp.com\/#website"},"datePublished":"2020-12-18T15:26:28+00:00","dateModified":"2021-02-11T15:34:47+00:00","breadcrumb":{"@id":"https:\/\/apartamentsmorparcalp.com\/politica-de-galetes#breadcrumb"},"inLanguage":"es","potentialAction":[{"@type":"ReadAction","target":["https:\/\/apartamentsmorparcalp.com\/politica-de-galetes"]}]},{"@type":"BreadcrumbList","@id":"https:\/\/apartamentsmorparcalp.com\/politica-de-galetes#breadcrumb","itemListElement":[{"@type":"ListItem","position":1,"name":"Home","item":"https:\/\/apartamentsmorparcalp.com\/"},{"@type":"ListItem","position":2,"name":"Pol\u00edtica de galetes"}]}]}},"_links":{"self":[{"href":"https:\/\/apartamentsmorparcalp.com\/es\/wp-json\/wp\/v2\/pages\/1251"}],"collection":[{"href":"https:\/\/apartamentsmorparcalp.com\/es\/wp-json\/wp\/v2\/pages"}],"about":[{"href":"https:\/\/apartamentsmorparcalp.com\/es\/wp-json\/wp\/v2\/types\/page"}],"author":[{"embeddable":true,"href":"https:\/\/apartamentsmorparcalp.com\/es\/wp-json\/wp\/v2\/users\/1"}],"replies":[{"embeddable":true,"href":"https:\/\/apartamentsmorparcalp.com\/es\/wp-json\/wp\/v2\/comments?post=1251"}],"version-history":[{"count":7,"href":"https:\/\/apartamentsmorparcalp.com\/es\/wp-json\/wp\/v2\/pages\/1251\/revisions"}],"predecessor-version":[{"id":1670,"href":"https:\/\/apartamentsmorparcalp.com\/es\/wp-json\/wp\/v2\/pages\/1251\/revisions\/1670"}],"wp:attachment":[{"href":"https:\/\/apartamentsmorparcalp.com\/es\/wp-json\/wp\/v2\/media?parent=1251"}],"curies":[{"name":"wp","href":"https:\/\/api.w.org\/{rel}","templated":true}]}}