{"id":1972,"date":"2023-02-23T13:24:04","date_gmt":"2023-02-23T12:24:04","guid":{"rendered":"https:\/\/apartamentsmorparcalp.com\/?page_id=1972"},"modified":"2023-03-02T17:10:36","modified_gmt":"2023-03-02T16:10:36","slug":"resenas","status":"publish","type":"page","link":"https:\/\/apartamentsmorparcalp.com\/es\/resenas","title":{"rendered":"Rese\u00f1as"},"content":{"rendered":"<p>[et_pb_section fb_built=\u00bb1&#8243; _builder_version=\u00bb4.13.0&#8243; _module_preset=\u00bbdefault\u00bb min_height=\u00bb102px\u00bb custom_margin=\u00bb-51px|||||\u00bb custom_padding=\u00bb23px|||||\u00bb hover_enabled=\u00bb0&#8243; global_colors_info=\u00bb{}\u00bb title_text=\u00bbrock-4765022_1280&#8243; background_image=\u00bbhttps:\/\/apartamentsmorparcalp.com\/wp-content\/uploads\/2020\/12\/rock-4765022_1280.jpg\u00bb parallax=\u00bbon\u00bb sticky_enabled=\u00bb0&#8243;][et_pb_row admin_label=\u00bbHeader Row\u00bb _builder_version=\u00bb3.25&#8243; min_height=\u00bb352.5px\u00bb global_colors_info=\u00bb{}\u00bb][et_pb_column type=\u00bb4_4&#8243; _builder_version=\u00bb3.25&#8243; custom_padding=\u00bb|||\u00bb global_colors_info=\u00bb{}\u00bb custom_padding__hover=\u00bb|||\u00bb][et_pb_text _builder_version=\u00bb4.13.0&#8243; text_font=\u00bbOpen Sans|600|||||||\u00bb text_font_size=\u00bb16px\u00bb text_line_height=\u00bb1.8em\u00bb header_font=\u00bbComfortaa|||on|||||\u00bb header_font_size=\u00bb60px\u00bb header_letter_spacing=\u00bb5px\u00bb header_line_height=\u00bb1.4em\u00bb text_orientation=\u00bbcenter\u00bb max_width=\u00bb700px\u00bb module_alignment=\u00bbcenter\u00bb animation_style=\u00bbfade\u00bb hover_enabled=\u00bb0&#8243; header_font_size_tablet=\u00bb\u00bb header_font_size_phone=\u00bb50px\u00bb header_font_size_last_edited=\u00bbon|phone\u00bb global_colors_info=\u00bb{}\u00bb custom_margin=\u00bb75px||||false|false\u00bb sticky_enabled=\u00bb0&#8243;]<\/p>\n<h1>RESE\u00d1AS<\/h1>\n<p>&nbsp;<\/p>\n<p>[\/et_pb_text][et_pb_text _builder_version=\u00bb4.13.0&#8243; _module_preset=\u00bbdefault\u00bb hover_enabled=\u00bb0&#8243; global_colors_info=\u00bb{}\u00bb sticky_enabled=\u00bb0&#8243;]<\/p>\n<h4 style=\"text-align: center;\">A continuaci\u00f3n podeis leer las rese\u00f1as y opiniones que nuestros usuarios han dejado en diferentes plataformas.<\/h4>\n<p>[\/et_pb_text][\/et_pb_column][\/et_pb_row][et_pb_row _builder_version=\u00bb4.13.0&#8243; _module_preset=\u00bbdefault\u00bb custom_padding=\u00bb24px|||||\u00bb hover_enabled=\u00bb0&#8243; global_colors_info=\u00bb{}\u00bb sticky_enabled=\u00bb0&#8243;][et_pb_column type=\u00bb4_4&#8243; _builder_version=\u00bb4.13.0&#8243; _module_preset=\u00bbdefault\u00bb global_colors_info=\u00bb{}\u00bb][et_pb_blog fullwidth=\u00bboff\u00bb posts_number=\u00bb100&#8243; include_categories=\u00bb40,39&#8243; show_thumbnail=\u00bboff\u00bb show_content=\u00bbon\u00bb show_author=\u00bboff\u00bb show_date=\u00bboff\u00bb show_pagination=\u00bboff\u00bb _builder_version=\u00bb4.13.0&#8243; _module_preset=\u00bbdefault\u00bb meta_font=\u00bb|300|on||||||\u00bb meta_font_size=\u00bb13px\u00bb hover_enabled=\u00bb0&#8243; global_colors_info=\u00bb{}\u00bb sticky_enabled=\u00bb0&#8243;][\/et_pb_blog][\/et_pb_column][\/et_pb_row][\/et_pb_section]<\/p>","protected":false},"excerpt":{"rendered":"<p>RESE\u00d1AS &nbsp;A continuaci\u00f3n podeis leer las rese\u00f1as y opiniones que nuestros usuarios han dejado en diferentes plataformas.<\/p>\n","protected":false},"author":1,"featured_media":0,"parent":0,"menu_order":0,"comment_status":"closed","ping_status":"closed","template":"","meta":{"_et_pb_use_builder":"on","_et_pb_old_content":"","_et_gb_content_width":""},"yoast_head":"<!-- This site is optimized with the Yoast SEO plugin v17.5 - https:\/\/yoast.com\/wordpress\/plugins\/seo\/ -->\n<title>Rese\u00f1as - Apartamentos Ambar Beach - Morpar Calp.<\/title>\n<meta name=\"robots\" content=\"index, follow, max-snippet:-1, max-image-preview:large, max-video-preview:-1\" \/>\n<link rel=\"canonical\" href=\"https:\/\/apartamentsmorparcalp.com\/resenas\" \/>\n<meta property=\"og:locale\" content=\"es_ES\" \/>\n<meta property=\"og:type\" content=\"article\" \/>\n<meta property=\"og:title\" content=\"Rese\u00f1as - Apartamentos Ambar Beach - Morpar Calp.\" \/>\n<meta property=\"og:description\" content=\"RESE\u00d1AS &nbsp;A continuaci\u00f3n podeis leer las rese\u00f1as y opiniones que nuestros usuarios han dejado en diferentes plataformas.\" \/>\n<meta property=\"og:url\" content=\"https:\/\/apartamentsmorparcalp.com\/resenas\" \/>\n<meta property=\"og:site_name\" content=\"Apartamentos Ambar Beach - Morpar Calp.\" \/>\n<meta property=\"article:publisher\" content=\"https:\/\/www.facebook.com\/ambarbeachmorparcalp\" \/>\n<meta property=\"article:modified_time\" content=\"2023-03-02T16:10:36+00:00\" \/>\n<meta name=\"twitter:card\" content=\"summary_large_image\" \/>\n<script type=\"application\/ld+json\" class=\"yoast-schema-graph\">{\"@context\":\"https:\/\/schema.org\",\"@graph\":[{\"@type\":\"Organization\",\"@id\":\"https:\/\/apartamentsmorparcalp.com\/#organization\",\"name\":\"Apartaments Ambar Beach Morpar Calp S.L.\",\"url\":\"https:\/\/apartamentsmorparcalp.com\/\",\"sameAs\":[\"https:\/\/www.facebook.com\/ambarbeachmorparcalp\"],\"logo\":{\"@type\":\"ImageObject\",\"@id\":\"https:\/\/apartamentsmorparcalp.com\/#logo\",\"inLanguage\":\"es\",\"url\":\"https:\/\/apartamentsmorparcalp.com\/wp-content\/uploads\/2020\/12\/cropped-favicon.png\",\"contentUrl\":\"https:\/\/apartamentsmorparcalp.com\/wp-content\/uploads\/2020\/12\/cropped-favicon.png\",\"width\":512,\"height\":512,\"caption\":\"Apartaments Ambar Beach Morpar Calp S.L.\"},\"image\":{\"@id\":\"https:\/\/apartamentsmorparcalp.com\/#logo\"}},{\"@type\":\"WebSite\",\"@id\":\"https:\/\/apartamentsmorparcalp.com\/#website\",\"url\":\"https:\/\/apartamentsmorparcalp.com\/\",\"name\":\"Apartamentos Ambar Beach - Morpar Calp.\",\"description\":\"Apartamentos tur\\u00edsticos en Calpe.\",\"publisher\":{\"@id\":\"https:\/\/apartamentsmorparcalp.com\/#organization\"},\"potentialAction\":[{\"@type\":\"SearchAction\",\"target\":{\"@type\":\"EntryPoint\",\"urlTemplate\":\"https:\/\/apartamentsmorparcalp.com\/?s={search_term_string}\"},\"query-input\":\"required name=search_term_string\"}],\"inLanguage\":\"es\"},{\"@type\":\"WebPage\",\"@id\":\"https:\/\/apartamentsmorparcalp.com\/resenas#webpage\",\"url\":\"https:\/\/apartamentsmorparcalp.com\/resenas\",\"name\":\"Rese\\u00f1as - Apartamentos Ambar Beach - Morpar Calp.\",\"isPartOf\":{\"@id\":\"https:\/\/apartamentsmorparcalp.com\/#website\"},\"datePublished\":\"2023-02-23T12:24:04+00:00\",\"dateModified\":\"2023-03-02T16:10:36+00:00\",\"breadcrumb\":{\"@id\":\"https:\/\/apartamentsmorparcalp.com\/resenas#breadcrumb\"},\"inLanguage\":\"es\",\"potentialAction\":[{\"@type\":\"ReadAction\",\"target\":[\"https:\/\/apartamentsmorparcalp.com\/resenas\"]}]},{\"@type\":\"BreadcrumbList\",\"@id\":\"https:\/\/apartamentsmorparcalp.com\/resenas#breadcrumb\",\"itemListElement\":[{\"@type\":\"ListItem\",\"position\":1,\"name\":\"Home\",\"item\":\"https:\/\/apartamentsmorparcalp.com\/\"},{\"@type\":\"ListItem\",\"position\":2,\"name\":\"[:va]Ressenyes[:es]Rese\\u00f1as[:]\"}]}]}<\/script>\n<!-- \/ Yoast SEO plugin. -->","yoast_head_json":{"title":"Rese\u00f1as - Apartamentos Ambar Beach - Morpar Calp.","robots":{"index":"index","follow":"follow","max-snippet":"max-snippet:-1","max-image-preview":"max-image-preview:large","max-video-preview":"max-video-preview:-1"},"canonical":"https:\/\/apartamentsmorparcalp.com\/resenas","og_locale":"es_ES","og_type":"article","og_title":"Rese\u00f1as - Apartamentos Ambar Beach - Morpar Calp.","og_description":"RESE\u00d1AS &nbsp;A continuaci\u00f3n podeis leer las rese\u00f1as y opiniones que nuestros usuarios han dejado en diferentes plataformas.","og_url":"https:\/\/apartamentsmorparcalp.com\/resenas","og_site_name":"Apartamentos Ambar Beach - Morpar Calp.","article_publisher":"https:\/\/www.facebook.com\/ambarbeachmorparcalp","article_modified_time":"2023-03-02T16:10:36+00:00","twitter_card":"summary_large_image","schema":{"@context":"https:\/\/schema.org","@graph":[{"@type":"Organization","@id":"https:\/\/apartamentsmorparcalp.com\/#organization","name":"Apartaments Ambar Beach Morpar Calp S.L.","url":"https:\/\/apartamentsmorparcalp.com\/","sameAs":["https:\/\/www.facebook.com\/ambarbeachmorparcalp"],"logo":{"@type":"ImageObject","@id":"https:\/\/apartamentsmorparcalp.com\/#logo","inLanguage":"es","url":"https:\/\/apartamentsmorparcalp.com\/wp-content\/uploads\/2020\/12\/cropped-favicon.png","contentUrl":"https:\/\/apartamentsmorparcalp.com\/wp-content\/uploads\/2020\/12\/cropped-favicon.png","width":512,"height":512,"caption":"Apartaments Ambar Beach Morpar Calp S.L."},"image":{"@id":"https:\/\/apartamentsmorparcalp.com\/#logo"}},{"@type":"WebSite","@id":"https:\/\/apartamentsmorparcalp.com\/#website","url":"https:\/\/apartamentsmorparcalp.com\/","name":"Apartamentos Ambar Beach - Morpar Calp.","description":"Apartamentos tur\u00edsticos en Calpe.","publisher":{"@id":"https:\/\/apartamentsmorparcalp.com\/#organization"},"potentialAction":[{"@type":"SearchAction","target":{"@type":"EntryPoint","urlTemplate":"https:\/\/apartamentsmorparcalp.com\/?s={search_term_string}"},"query-input":"required name=search_term_string"}],"inLanguage":"es"},{"@type":"WebPage","@id":"https:\/\/apartamentsmorparcalp.com\/resenas#webpage","url":"https:\/\/apartamentsmorparcalp.com\/resenas","name":"Rese\u00f1as - Apartamentos Ambar Beach - Morpar Calp.","isPartOf":{"@id":"https:\/\/apartamentsmorparcalp.com\/#website"},"datePublished":"2023-02-23T12:24:04+00:00","dateModified":"2023-03-02T16:10:36+00:00","breadcrumb":{"@id":"https:\/\/apartamentsmorparcalp.com\/resenas#breadcrumb"},"inLanguage":"es","potentialAction":[{"@type":"ReadAction","target":["https:\/\/apartamentsmorparcalp.com\/resenas"]}]},{"@type":"BreadcrumbList","@id":"https:\/\/apartamentsmorparcalp.com\/resenas#breadcrumb","itemListElement":[{"@type":"ListItem","position":1,"name":"Home","item":"https:\/\/apartamentsmorparcalp.com\/"},{"@type":"ListItem","position":2,"name":"[:va]Ressenyes[:es]Rese\u00f1as[:]"}]}]}},"_links":{"self":[{"href":"https:\/\/apartamentsmorparcalp.com\/es\/wp-json\/wp\/v2\/pages\/1972"}],"collection":[{"href":"https:\/\/apartamentsmorparcalp.com\/es\/wp-json\/wp\/v2\/pages"}],"about":[{"href":"https:\/\/apartamentsmorparcalp.com\/es\/wp-json\/wp\/v2\/types\/page"}],"author":[{"embeddable":true,"href":"https:\/\/apartamentsmorparcalp.com\/es\/wp-json\/wp\/v2\/users\/1"}],"replies":[{"embeddable":true,"href":"https:\/\/apartamentsmorparcalp.com\/es\/wp-json\/wp\/v2\/comments?post=1972"}],"version-history":[{"count":30,"href":"https:\/\/apartamentsmorparcalp.com\/es\/wp-json\/wp\/v2\/pages\/1972\/revisions"}],"predecessor-version":[{"id":2183,"href":"https:\/\/apartamentsmorparcalp.com\/es\/wp-json\/wp\/v2\/pages\/1972\/revisions\/2183"}],"wp:attachment":[{"href":"https:\/\/apartamentsmorparcalp.com\/es\/wp-json\/wp\/v2\/media?parent=1972"}],"curies":[{"name":"wp","href":"https:\/\/api.w.org\/{rel}","templated":true}]}}