{"id":51,"date":"2018-08-28T20:03:36","date_gmt":"2018-08-28T20:03:36","guid":{"rendered":"https:\/\/apartamentsmorparcalp.com\/?page_id=51"},"modified":"2024-06-18T16:20:21","modified_gmt":"2024-06-18T15:20:21","slug":"nosotros","status":"publish","type":"page","link":"https:\/\/apartamentsmorparcalp.com\/es\/nosotros","title":{"rendered":"Nosotros"},"content":{"rendered":"<p>[et_pb_section fb_built=\u00bb1&#8243; admin_label=\u00bbHero section\u00bb _builder_version=\u00bb4.7.4&#8243; use_background_color_gradient=\u00bbon\u00bb background_color_gradient_start=\u00bbrgba(150,105,97,0.67)\u00bb background_color_gradient_end=\u00bbrgba(2,0,76,0.84)\u00bb background_color_gradient_direction=\u00bb1deg\u00bb background_color_gradient_overlays_image=\u00bbon\u00bb background_image=\u00bbhttps:\/\/apartamentsmorparcalp.com\/wp-content\/uploads\/2020\/12\/IMG_90932-scaled.jpg\u00bb background_position=\u00bbtop_center\u00bb custom_margin=\u00bb|||\u00bb custom_padding=\u00bb10%||10%|\u00bb global_colors_info=\u00bb{}\u00bb][et_pb_row column_structure=\u00bb2_3,1_3&#8243; _builder_version=\u00bb3.25&#8243; custom_margin=\u00bb|||\u00bb global_colors_info=\u00bb{}\u00bb][et_pb_column type=\u00bb2_3&#8243; _builder_version=\u00bb3.25&#8243; custom_padding=\u00bb1px|||\u00bb global_colors_info=\u00bb{}\u00bb custom_padding__hover=\u00bb|||\u00bb][et_pb_text _builder_version=\u00bb4.7.4&#8243; text_font=\u00bbLato||||||||\u00bb text_font_size=\u00bb20px\u00bb text_line_height=\u00bb1.8em\u00bb header_font=\u00bbLato|900|||||||\u00bb header_font_size=\u00bb80px\u00bb header_letter_spacing=\u00bb2px\u00bb header_line_height=\u00bb1.2em\u00bb background_layout=\u00bbdark\u00bb animation_style=\u00bbfold\u00bb header_font_size_tablet=\u00bb46px\u00bb header_font_size_phone=\u00bb\u00bb header_font_size_last_edited=\u00bbon|tablet\u00bb global_colors_info=\u00bb{}\u00bb]<\/p>\n<h1> Nosotros<\/h1>\n<p>&nbsp;<\/p>\n<p>[\/et_pb_text][\/et_pb_column][et_pb_column type=\u00bb1_3&#8243; _builder_version=\u00bb3.25&#8243; custom_padding=\u00bb|||\u00bb global_colors_info=\u00bb{}\u00bb custom_padding__hover=\u00bb|||\u00bb][\/et_pb_column][\/et_pb_row][et_pb_row _builder_version=\u00bb4.7.4&#8243; _module_preset=\u00bbdefault\u00bb global_colors_info=\u00bb{}\u00bb][et_pb_column type=\u00bb4_4&#8243; _builder_version=\u00bb4.7.4&#8243; _module_preset=\u00bbdefault\u00bb global_colors_info=\u00bb{}\u00bb][et_pb_text _builder_version=\u00bb4.7.7&#8243; _module_preset=\u00bbdefault\u00bb text_font=\u00bbComfortaa||||||||\u00bb text_text_color=\u00bb#ffffff\u00bb text_font_size=\u00bb31px\u00bb text_font_size_tablet=\u00bb\u00bb text_font_size_phone=\u00bb\u00bb text_font_size_last_edited=\u00bbon|phone\u00bb text_line_height_tablet=\u00bb\u00bb text_line_height_phone=\u00bb1.8em\u00bb text_line_height_last_edited=\u00bbon|phone\u00bb global_colors_info=\u00bb{}\u00bb]<\/p>\n<p>Alquileres tur\u00edsticos en Calpe desde 1960.<\/p>\n<p><\/p>\n<p>[\/et_pb_text][\/et_pb_column][\/et_pb_row][\/et_pb_section][et_pb_section fb_built=\u00bb1&#8243; admin_label=\u00bbService Details Section\u00bb _builder_version=\u00bb3.22&#8243; custom_padding=\u00bb120px|0px|120px|0px\u00bb global_colors_info=\u00bb{}\u00bb][et_pb_row admin_label=\u00bbService Details Header Row\u00bb _builder_version=\u00bb3.25&#8243; global_colors_info=\u00bb{}\u00bb][et_pb_column type=\u00bb4_4&#8243; _builder_version=\u00bb3.25&#8243; custom_padding=\u00bb|||\u00bb global_colors_info=\u00bb{}\u00bb custom_padding__hover=\u00bb|||\u00bb][et_pb_text admin_label=\u00bbService Title\u00bb _builder_version=\u00bb4.7.7&#8243; text_font=\u00bbComfortaa||||||||\u00bb header_font=\u00bbComfortaa||||||||\u00bb header_2_font=\u00bbComfortaa|700|||||||\u00bb header_2_text_color=\u00bb#21323d\u00bb header_2_font_size=\u00bb40px\u00bb max_width=\u00bb800px\u00bb global_colors_info=\u00bb{}\u00bb]<\/p>\n<h2>Servicios<\/h2>\n<p>[\/et_pb_text][et_pb_text admin_label=\u00bbService Intro\u00bb _builder_version=\u00bb4.7.7&#8243; text_font=\u00bbComfortaa||||||||\u00bb text_text_color=\u00bb#5c6e7a\u00bb text_font_size=\u00bb15px\u00bb text_line_height=\u00bb2.2em\u00bb header_font=\u00bb||||||||\u00bb max_width=\u00bb800px\u00bb custom_padding=\u00bb|||\u00bb global_colors_info=\u00bb{}\u00bb]<\/p>\n<p style=\"text-align: justify;\">Los a\u00f1os de experiencia en el sector tur\u00edstico son parte fundamental de nuestra forma de trabajar. Si tienes alguna pregunta o necesitas m\u00e1s informaci\u00f3n, no dudes en ponerte en contacto con nosotros. Apartaments Morpar Calp SL, es tu mejor opci\u00f3n para tus vacaciones en Calpe.<\/p>\n<p>&nbsp;<\/p>\n<p>[\/et_pb_text][\/et_pb_column][\/et_pb_row][et_pb_row column_structure=\u00bb1_2,1_2&#8243; admin_label=\u00bbService Checklist Row\u00bb _builder_version=\u00bb3.25&#8243; global_colors_info=\u00bb{}\u00bb][et_pb_column type=\u00bb1_2&#8243; _builder_version=\u00bb3.25&#8243; custom_padding=\u00bb|||\u00bb global_colors_info=\u00bb{}\u00bb custom_padding__hover=\u00bb|||\u00bb][et_pb_blurb title=\u00bb%91:va%93Tracte personalitzat.%91:es%93Trato personalizado.%91:%93&#8243; image=\u00bbhttps:\/\/apartamentsmorparcalp.com\/wp-content\/uploads\/2020\/12\/Check_Icon.jpg\u00bb icon_placement=\u00bbleft\u00bb content_max_width=\u00bb100%\u00bb admin_label=\u00bbService\u00bb _builder_version=\u00bb4.13.0&#8243; header_font=\u00bbComfortaa||||||||\u00bb header_text_color=\u00bb#5c6e7a\u00bb header_font_size=\u00bb15px\u00bb custom_padding=\u00bb|||\u00bb custom_padding_tablet=\u00bb||20px|\u00bb custom_padding_phone=\u00bb|||\u00bb custom_padding_last_edited=\u00bboff|desktop\u00bb locked=\u00bboff\u00bb global_colors_info=\u00bb{}\u00bb][\/et_pb_blurb][et_pb_blurb title=\u00bb%91:va%93Experi\u00e8ncia contrastada.%91:es%93Experiencia contrastada.%91:%93&#8243; image=\u00bbhttps:\/\/apartamentsmorparcalp.com\/wp-content\/uploads\/2020\/12\/Check_Icon.jpg\u00bb icon_placement=\u00bbleft\u00bb content_max_width=\u00bb100%\u00bb admin_label=\u00bbService\u00bb _builder_version=\u00bb4.13.0&#8243; header_font=\u00bbComfortaa||||||||\u00bb header_text_color=\u00bb#5c6e7a\u00bb header_font_size=\u00bb15px\u00bb custom_padding=\u00bb|||\u00bb custom_padding_tablet=\u00bb||20px|\u00bb custom_padding_phone=\u00bb|||\u00bb custom_padding_last_edited=\u00bboff|desktop\u00bb locked=\u00bboff\u00bb global_colors_info=\u00bb{}\u00bb][\/et_pb_blurb][et_pb_blurb title=\u00bb%91:va%93Informaci\u00f3 sense comprom\u00eds.%91:es%93Informaci\u00f3n sin compromiso.%91:%93&#8243; image=\u00bbhttps:\/\/apartamentsmorparcalp.com\/wp-content\/uploads\/2020\/12\/Check_Icon.jpg\u00bb icon_placement=\u00bbleft\u00bb content_max_width=\u00bb100%\u00bb admin_label=\u00bbService\u00bb _builder_version=\u00bb4.13.0&#8243; header_font=\u00bbComfortaa||||||||\u00bb header_text_color=\u00bb#5c6e7a\u00bb header_font_size=\u00bb15px\u00bb custom_padding=\u00bb|||\u00bb custom_padding_tablet=\u00bb||20px|\u00bb custom_padding_phone=\u00bb|||\u00bb custom_padding_last_edited=\u00bboff|desktop\u00bb locked=\u00bboff\u00bb global_colors_info=\u00bb{}\u00bb][\/et_pb_blurb][\/et_pb_column][et_pb_column type=\u00bb1_2&#8243; _builder_version=\u00bb3.25&#8243; custom_padding=\u00bb|||\u00bb global_colors_info=\u00bb{}\u00bb custom_padding__hover=\u00bb|||\u00bb][\/et_pb_column][\/et_pb_row][et_pb_row admin_label=\u00bbService Image Row\u00bb _builder_version=\u00bb4.7.7&#8243; max_width=\u00bb640px\u00bb custom_padding=\u00bb|||\u00bb use_custom_width=\u00bbon\u00bb custom_width_px=\u00bb1280px\u00bb global_colors_info=\u00bb{}\u00bb][et_pb_column type=\u00bb4_4&#8243; _builder_version=\u00bb3.25&#8243; custom_padding=\u00bb|||\u00bb global_colors_info=\u00bb{}\u00bb custom_padding__hover=\u00bb|||\u00bb][et_pb_image src=\u00bbhttps:\/\/apartamentsmorparcalp.com\/wp-content\/uploads\/2021\/01\/calpe-5795644_1280.jpg\u00bb title_text=\u00bbcalpe-5795644_1280&#8243; align_tablet=\u00bbcenter\u00bb align_phone=\u00bb\u00bb align_last_edited=\u00bbon|desktop\u00bb _builder_version=\u00bb4.7.7&#8243; animation_style=\u00bbzoom\u00bb animation_intensity_zoom=\u00bb2%\u00bb box_shadow_style=\u00bbpreset3&#8243; box_shadow_horizontal=\u00bb40px\u00bb box_shadow_vertical=\u00bb40px\u00bb box_shadow_blur=\u00bb120px\u00bb box_shadow_spread=\u00bb-24px\u00bb box_shadow_color=\u00bbrgba(67,96,124,0.5)\u00bb global_colors_info=\u00bb{}\u00bb][\/et_pb_image][\/et_pb_column][\/et_pb_row][et_pb_row admin_label=\u00bbService Details Row\u00bb _builder_version=\u00bb3.25&#8243; custom_padding=\u00bb|||\u00bb global_colors_info=\u00bb{}\u00bb][et_pb_column type=\u00bb4_4&#8243; _builder_version=\u00bb3.25&#8243; custom_padding=\u00bb|||\u00bb global_colors_info=\u00bb{}\u00bb custom_padding__hover=\u00bb|||\u00bb][et_pb_text admin_label=\u00bbService Title\u00bb _builder_version=\u00bb4.7.7&#8243; text_font=\u00bb||||||||\u00bb header_font=\u00bb||||||||\u00bb header_2_font=\u00bbComfortaa|700|||||||\u00bb header_2_text_color=\u00bb#21323d\u00bb header_2_font_size=\u00bb40px\u00bb header_2_line_height=\u00bb1.5em\u00bb max_width=\u00bb800px\u00bb custom_padding=\u00bb|||\u00bb header_2_font_size_tablet=\u00bb35px\u00bb header_2_font_size_phone=\u00bb35px\u00bb header_2_font_size_last_edited=\u00bbon|phone\u00bb header_2_line_height_tablet=\u00bb1em\u00bb header_2_line_height_phone=\u00bb1.4em\u00bb header_2_line_height_last_edited=\u00bboff|desktop\u00bb global_colors_info=\u00bb{}\u00bb]<\/p>\n<h2>\u00bfPor qu\u00e9 escoger Morpar Calp SL?<\/h2>\n<p>[\/et_pb_text][et_pb_text admin_label=\u00bbService Details\u00bb _builder_version=\u00bb4.13.0&#8243; text_font=\u00bbComfortaa||||||||\u00bb text_text_color=\u00bb#5c6e7a\u00bb text_font_size=\u00bb15px\u00bb text_line_height=\u00bb2.2em\u00bb header_font=\u00bb||||||||\u00bb max_width=\u00bb800px\u00bb custom_margin=\u00bb|||\u00bb custom_padding=\u00bb|||\u00bb global_colors_info=\u00bb{}\u00bb]<\/p>\n<p style=\"text-align: justify;\">Porque somos una empresa con m\u00e1s de 60 a\u00f1os de experiencia en este sector. Porque nuestro trabajo y actuaci\u00f3n nos avalan d\u00eda a d\u00eda. Adem\u00e1s, proporcionamos informaci\u00f3n general sobre recursos ambientales, tur\u00edsticos, gastron\u00f3micos y deportivos. <\/span><\/p>\n<p style=\"text-align: justify;\"><span>En definitiva, <a href=\"\/resenas\" target=\"_blank\" rel=\"noopener\">somos una opci\u00f3n contrastada en la que se puede confiar<\/a>.<\/span><\/p>\n<p>[\/et_pb_text][\/et_pb_column][\/et_pb_row][et_pb_row column_structure=\u00bb1_3,1_3,1_3&#8243; _builder_version=\u00bb4.13.0&#8243; _module_preset=\u00bbdefault\u00bb custom_padding=\u00bb17px|||||\u00bb global_colors_info=\u00bb{}\u00bb][et_pb_column type=\u00bb1_3&#8243; _builder_version=\u00bb4.13.0&#8243; _module_preset=\u00bbdefault\u00bb global_colors_info=\u00bb{}\u00bb][et_pb_icon font_icon=\u00bb&#xf2e7;||fa||900&#8243; icon_width=\u00bb60px\u00bb title_text=\u00bbRecomendaciones\u00bb url_new_window=\u00bbon\u00bb _builder_version=\u00bb4.13.0&#8243; _module_preset=\u00bbdefault\u00bb hover_enabled=\u00bb0&#8243; global_colors_info=\u00bb{}\u00bb url=\u00bbhttps:\/\/apartamentsmorparcalp.com\/wp-content\/uploads\/2024\/06\/excursiones-recursos-ambientales-y-turisticos.pdf\u00bb sticky_enabled=\u00bb0&#8243;][\/et_pb_icon][et_pb_text _builder_version=\u00bb4.13.0&#8243; _module_preset=\u00bbdefault\u00bb hover_enabled=\u00bb0&#8243; global_colors_info=\u00bb{}\u00bb sticky_enabled=\u00bb0&#8243;]<\/p>\n<h4 style=\"text-align: center;\"><a href=\"https:\/\/apartamentsmorparcalp.com\/wp-content\/uploads\/2024\/06\/excursiones-recursos-ambientales-y-turisticos.pdf\" target=\"_blank\" rel=\"noopener\">Recomendaciones<\/a><\/h4>\n<p>[\/et_pb_text][\/et_pb_column][et_pb_column type=\u00bb1_3&#8243; _builder_version=\u00bb4.13.0&#8243; _module_preset=\u00bbdefault\u00bb global_colors_info=\u00bb{}\u00bb][et_pb_icon font_icon=\u00bb&#xf5a0;||fa||900&#8243; icon_width=\u00bb59px\u00bb title_text=\u00bbExcursiones\u00bb url_new_window=\u00bbon\u00bb _builder_version=\u00bb4.13.0&#8243; _module_preset=\u00bbdefault\u00bb hover_enabled=\u00bb0&#8243; global_colors_info=\u00bb{}\u00bb url=\u00bbhttps:\/\/apartamentsmorparcalp.com\/wp-content\/uploads\/2024\/06\/Excursiones-Calpinas.pdf\u00bb sticky_enabled=\u00bb0&#8243;][\/et_pb_icon][et_pb_text _builder_version=\u00bb4.13.0&#8243; _module_preset=\u00bbdefault\u00bb hover_enabled=\u00bb0&#8243; global_colors_info=\u00bb{}\u00bb sticky_enabled=\u00bb0&#8243;]<\/p>\n<h4 style=\"text-align: center;\"><a href=\"https:\/\/apartamentsmorparcalp.com\/wp-content\/uploads\/2024\/06\/Excursiones-Calpinas.pdf\" target=\"_blank\" rel=\"noopener\">Excursiones<\/a><\/h4>\n<p>[\/et_pb_text][\/et_pb_column][et_pb_column type=\u00bb1_3&#8243; _builder_version=\u00bb4.13.0&#8243; _module_preset=\u00bbdefault\u00bb global_colors_info=\u00bb{}\u00bb][et_pb_button button_url=\u00bb@ET-DC@eyJkeW5hbWljIjp0cnVlLCJjb250ZW50IjoicG9zdF9saW5rX3VybF9wYWdlIiwic2V0dGluZ3MiOnsicG9zdF9pZCI6IjQzIn19@\u00bb url_new_window=\u00bbon\u00bb button_text=\u00bb+INFO\u00bb button_alignment=\u00bbcenter\u00bb _builder_version=\u00bb4.13.0&#8243; _dynamic_attributes=\u00bbbutton_url\u00bb custom_margin=\u00bb|||\u00bb custom_padding=\u00bb|||\u00bb button_border_radius_hover=\u00bb4px\u00bb locked=\u00bboff\u00bb global_colors_info=\u00bb{}\u00bb button_text_size__hover_enabled=\u00bboff\u00bb button_one_text_size__hover_enabled=\u00bboff\u00bb button_two_text_size__hover_enabled=\u00bboff\u00bb button_text_color__hover_enabled=\u00bboff\u00bb button_one_text_color__hover_enabled=\u00bboff\u00bb button_two_text_color__hover_enabled=\u00bboff\u00bb button_border_width__hover_enabled=\u00bboff\u00bb button_one_border_width__hover_enabled=\u00bboff\u00bb button_two_border_width__hover_enabled=\u00bboff\u00bb button_border_color__hover_enabled=\u00bboff\u00bb button_one_border_color__hover_enabled=\u00bboff\u00bb button_two_border_color__hover_enabled=\u00bboff\u00bb button_border_radius__hover_enabled=\u00bbon\u00bb button_border_radius__hover=\u00bb4px\u00bb button_one_border_radius__hover_enabled=\u00bboff\u00bb button_two_border_radius__hover_enabled=\u00bboff\u00bb button_letter_spacing__hover_enabled=\u00bboff\u00bb button_one_letter_spacing__hover_enabled=\u00bboff\u00bb button_two_letter_spacing__hover_enabled=\u00bboff\u00bb button_bg_color__hover_enabled=\u00bboff\u00bb button_one_bg_color__hover_enabled=\u00bboff\u00bb button_two_bg_color__hover_enabled=\u00bboff\u00bb][\/et_pb_button][et_pb_text _builder_version=\u00bb4.13.0&#8243; _module_preset=\u00bbdefault\u00bb global_colors_info=\u00bb{}\u00bb]<\/p>\n<h4 style=\"text-align: center;\"><a href=\"\/contacto\" target=\"_blank\" rel=\"noopener\">Contacto<\/a><\/h4>\n<p>[\/et_pb_text][\/et_pb_column][\/et_pb_row][\/et_pb_section]<\/p>","protected":false},"excerpt":{"rendered":"<p>Nosotros &nbsp;Alquileres tur\u00edsticos en Calpe desde 1960. ServiciosLos a\u00f1os de experiencia en el sector tur\u00edstico son parte fundamental de nuestra forma de trabajar. Si tienes alguna pregunta o necesitas m\u00e1s informaci\u00f3n, no dudes en ponerte en contacto con nosotros. Apartaments Morpar Calp SL, es tu mejor opci\u00f3n para tus vacaciones en Calpe. &nbsp;\u00bfPor qu\u00e9 escoger [&hellip;]<\/p>\n","protected":false},"author":1,"featured_media":0,"parent":0,"menu_order":0,"comment_status":"closed","ping_status":"closed","template":"","meta":{"_et_pb_use_builder":"on","_et_pb_old_content":"","_et_gb_content_width":""},"yoast_head":"<!-- This site is optimized with the Yoast SEO plugin v17.5 - https:\/\/yoast.com\/wordpress\/plugins\/seo\/ -->\n<title>Nosotros - Apartamentos Ambar Beach - Morpar Calp.<\/title>\n<meta name=\"robots\" content=\"noindex, nofollow\" \/>\n<meta property=\"og:locale\" content=\"es_ES\" \/>\n<meta property=\"og:type\" content=\"article\" \/>\n<meta property=\"og:title\" content=\"Nosotros - Apartamentos Ambar Beach - Morpar Calp.\" \/>\n<meta property=\"og:description\" content=\"Nosotros &nbsp;Alquileres tur\u00edsticos en Calpe desde 1960. ServiciosLos a\u00f1os de experiencia en el sector tur\u00edstico son parte fundamental de nuestra forma de trabajar. Si tienes alguna pregunta o necesitas m\u00e1s informaci\u00f3n, no dudes en ponerte en contacto con nosotros. Apartaments Morpar Calp SL, es tu mejor opci\u00f3n para tus vacaciones en Calpe. &nbsp;\u00bfPor qu\u00e9 escoger [&hellip;]\" \/>\n<meta property=\"og:url\" content=\"https:\/\/apartamentsmorparcalp.com\/nosotros\" \/>\n<meta property=\"og:site_name\" content=\"Apartamentos Ambar Beach - Morpar Calp.\" \/>\n<meta property=\"article:publisher\" content=\"https:\/\/www.facebook.com\/ambarbeachmorparcalp\" \/>\n<meta property=\"article:modified_time\" content=\"2024-06-18T15:20:21+00:00\" \/>\n<meta name=\"twitter:card\" content=\"summary_large_image\" \/>\n<meta name=\"twitter:label1\" content=\"Tiempo de lectura\" \/>\n\t<meta name=\"twitter:data1\" content=\"2 minutos\" \/>\n<script type=\"application\/ld+json\" class=\"yoast-schema-graph\">{\"@context\":\"https:\/\/schema.org\",\"@graph\":[{\"@type\":\"Organization\",\"@id\":\"https:\/\/apartamentsmorparcalp.com\/#organization\",\"name\":\"Apartaments Ambar Beach Morpar Calp S.L.\",\"url\":\"https:\/\/apartamentsmorparcalp.com\/\",\"sameAs\":[\"https:\/\/www.facebook.com\/ambarbeachmorparcalp\"],\"logo\":{\"@type\":\"ImageObject\",\"@id\":\"https:\/\/apartamentsmorparcalp.com\/#logo\",\"inLanguage\":\"es\",\"url\":\"https:\/\/apartamentsmorparcalp.com\/wp-content\/uploads\/2020\/12\/cropped-favicon.png\",\"contentUrl\":\"https:\/\/apartamentsmorparcalp.com\/wp-content\/uploads\/2020\/12\/cropped-favicon.png\",\"width\":512,\"height\":512,\"caption\":\"Apartaments Ambar Beach Morpar Calp S.L.\"},\"image\":{\"@id\":\"https:\/\/apartamentsmorparcalp.com\/#logo\"}},{\"@type\":\"WebSite\",\"@id\":\"https:\/\/apartamentsmorparcalp.com\/#website\",\"url\":\"https:\/\/apartamentsmorparcalp.com\/\",\"name\":\"Apartamentos Ambar Beach - Morpar Calp.\",\"description\":\"Apartamentos tur\\u00edsticos en Calpe.\",\"publisher\":{\"@id\":\"https:\/\/apartamentsmorparcalp.com\/#organization\"},\"potentialAction\":[{\"@type\":\"SearchAction\",\"target\":{\"@type\":\"EntryPoint\",\"urlTemplate\":\"https:\/\/apartamentsmorparcalp.com\/?s={search_term_string}\"},\"query-input\":\"required name=search_term_string\"}],\"inLanguage\":\"es\"},{\"@type\":\"WebPage\",\"@id\":\"https:\/\/apartamentsmorparcalp.com\/nosotros#webpage\",\"url\":\"https:\/\/apartamentsmorparcalp.com\/nosotros\",\"name\":\"Nosotros - Apartamentos Ambar Beach - Morpar Calp.\",\"isPartOf\":{\"@id\":\"https:\/\/apartamentsmorparcalp.com\/#website\"},\"datePublished\":\"2018-08-28T20:03:36+00:00\",\"dateModified\":\"2024-06-18T15:20:21+00:00\",\"breadcrumb\":{\"@id\":\"https:\/\/apartamentsmorparcalp.com\/nosotros#breadcrumb\"},\"inLanguage\":\"es\",\"potentialAction\":[{\"@type\":\"ReadAction\",\"target\":[\"https:\/\/apartamentsmorparcalp.com\/nosotros\"]}]},{\"@type\":\"BreadcrumbList\",\"@id\":\"https:\/\/apartamentsmorparcalp.com\/nosotros#breadcrumb\",\"itemListElement\":[{\"@type\":\"ListItem\",\"position\":1,\"name\":\"Home\",\"item\":\"https:\/\/apartamentsmorparcalp.com\/\"},{\"@type\":\"ListItem\",\"position\":2,\"name\":\"[:va]Nosaltres[:es]Nosotros[:]\"}]}]}<\/script>\n<!-- \/ Yoast SEO plugin. -->","yoast_head_json":{"title":"Nosotros - Apartamentos Ambar Beach - Morpar Calp.","robots":{"index":"noindex","follow":"nofollow"},"og_locale":"es_ES","og_type":"article","og_title":"Nosotros - Apartamentos Ambar Beach - Morpar Calp.","og_description":"Nosotros &nbsp;Alquileres tur\u00edsticos en Calpe desde 1960. ServiciosLos a\u00f1os de experiencia en el sector tur\u00edstico son parte fundamental de nuestra forma de trabajar. Si tienes alguna pregunta o necesitas m\u00e1s informaci\u00f3n, no dudes en ponerte en contacto con nosotros. Apartaments Morpar Calp SL, es tu mejor opci\u00f3n para tus vacaciones en Calpe. &nbsp;\u00bfPor qu\u00e9 escoger [&hellip;]","og_url":"https:\/\/apartamentsmorparcalp.com\/nosotros","og_site_name":"Apartamentos Ambar Beach - Morpar Calp.","article_publisher":"https:\/\/www.facebook.com\/ambarbeachmorparcalp","article_modified_time":"2024-06-18T15:20:21+00:00","twitter_card":"summary_large_image","twitter_misc":{"Tiempo de lectura":"2 minutos"},"schema":{"@context":"https:\/\/schema.org","@graph":[{"@type":"Organization","@id":"https:\/\/apartamentsmorparcalp.com\/#organization","name":"Apartaments Ambar Beach Morpar Calp S.L.","url":"https:\/\/apartamentsmorparcalp.com\/","sameAs":["https:\/\/www.facebook.com\/ambarbeachmorparcalp"],"logo":{"@type":"ImageObject","@id":"https:\/\/apartamentsmorparcalp.com\/#logo","inLanguage":"es","url":"https:\/\/apartamentsmorparcalp.com\/wp-content\/uploads\/2020\/12\/cropped-favicon.png","contentUrl":"https:\/\/apartamentsmorparcalp.com\/wp-content\/uploads\/2020\/12\/cropped-favicon.png","width":512,"height":512,"caption":"Apartaments Ambar Beach Morpar Calp S.L."},"image":{"@id":"https:\/\/apartamentsmorparcalp.com\/#logo"}},{"@type":"WebSite","@id":"https:\/\/apartamentsmorparcalp.com\/#website","url":"https:\/\/apartamentsmorparcalp.com\/","name":"Apartamentos Ambar Beach - Morpar Calp.","description":"Apartamentos tur\u00edsticos en Calpe.","publisher":{"@id":"https:\/\/apartamentsmorparcalp.com\/#organization"},"potentialAction":[{"@type":"SearchAction","target":{"@type":"EntryPoint","urlTemplate":"https:\/\/apartamentsmorparcalp.com\/?s={search_term_string}"},"query-input":"required name=search_term_string"}],"inLanguage":"es"},{"@type":"WebPage","@id":"https:\/\/apartamentsmorparcalp.com\/nosotros#webpage","url":"https:\/\/apartamentsmorparcalp.com\/nosotros","name":"Nosotros - Apartamentos Ambar Beach - Morpar Calp.","isPartOf":{"@id":"https:\/\/apartamentsmorparcalp.com\/#website"},"datePublished":"2018-08-28T20:03:36+00:00","dateModified":"2024-06-18T15:20:21+00:00","breadcrumb":{"@id":"https:\/\/apartamentsmorparcalp.com\/nosotros#breadcrumb"},"inLanguage":"es","potentialAction":[{"@type":"ReadAction","target":["https:\/\/apartamentsmorparcalp.com\/nosotros"]}]},{"@type":"BreadcrumbList","@id":"https:\/\/apartamentsmorparcalp.com\/nosotros#breadcrumb","itemListElement":[{"@type":"ListItem","position":1,"name":"Home","item":"https:\/\/apartamentsmorparcalp.com\/"},{"@type":"ListItem","position":2,"name":"[:va]Nosaltres[:es]Nosotros[:]"}]}]}},"_links":{"self":[{"href":"https:\/\/apartamentsmorparcalp.com\/es\/wp-json\/wp\/v2\/pages\/51"}],"collection":[{"href":"https:\/\/apartamentsmorparcalp.com\/es\/wp-json\/wp\/v2\/pages"}],"about":[{"href":"https:\/\/apartamentsmorparcalp.com\/es\/wp-json\/wp\/v2\/types\/page"}],"author":[{"embeddable":true,"href":"https:\/\/apartamentsmorparcalp.com\/es\/wp-json\/wp\/v2\/users\/1"}],"replies":[{"embeddable":true,"href":"https:\/\/apartamentsmorparcalp.com\/es\/wp-json\/wp\/v2\/comments?post=51"}],"version-history":[{"count":48,"href":"https:\/\/apartamentsmorparcalp.com\/es\/wp-json\/wp\/v2\/pages\/51\/revisions"}],"predecessor-version":[{"id":2248,"href":"https:\/\/apartamentsmorparcalp.com\/es\/wp-json\/wp\/v2\/pages\/51\/revisions\/2248"}],"wp:attachment":[{"href":"https:\/\/apartamentsmorparcalp.com\/es\/wp-json\/wp\/v2\/media?parent=51"}],"curies":[{"name":"wp","href":"https:\/\/api.w.org\/{rel}","templated":true}]}}